{"id":1079,"date":"2015-07-29T13:44:44","date_gmt":"2015-07-29T13:44:44","guid":{"rendered":"https:\/\/blockart-agency.sites.qsandbox.com\/?page_id=4"},"modified":"2026-05-08T08:55:39","modified_gmt":"2026-05-08T08:55:39","slug":"home","status":"publish","type":"page","link":"https:\/\/wordpress.edebitdirect.com\/","title":{"rendered":"Home"},"content":{"rendered":"\n<div class=\"blockart-section blockart-section-3274e693\">\n  <div class=\"blockart-container\">\n    <div class=\"blockart-section-inner\">\n\n      \n      <div class=\"blockart-column blockart-column-5c451749\">\n        <div class=\"blockart-column-inner\">\n\n          \n          <h4 class=\"blockart-heading blockart-heading-715dd37b\">\n            Secure Bank to Bank Payments.\n          <\/h4>\n          \n\n          \n          <p class=\"blockart-paragraph blockart-paragraph-1ad4af93\">\n            eDebitDirect is a simpler way to pay. It\u2019s the modern payment solution for any business, especially high-risk payment processing and eCommerce applications. All at a lower cost than traditional payment processing solutions.\n          <\/p>\n          \n\n          \n          <div class=\"blockart-buttons blockart-buttons-cc6ab35a is-wrap\">\n\n            \n            <div class=\"blockart-button blockart-button-73e2d9d7\">\n              <a class=\"blockart-button-link is-custom is-style-filled\" href=\"https:\/\/wordpress.edebitdirect.com\/index.php\/shop\/\">\n                SHOP\n              <\/a>\n            <\/div>\n            \n\n          <\/div>\n          \n\n        <\/div>\n      <\/div>\n      \n\n      \n      <div class=\"blockart-column blockart-column-717e808b\">\n        <div class=\"blockart-column-inner\">\n\n          \n          <figure class=\"blockart-image blockart-image-6f3ae846\">\n            <img loading=\"lazy\" decoding=\"async\" width=\"1536\" height=\"864\" class=\"wp-image-1144 hover-effect-static filter-none mask mask-none\"\n                 src=\"https:\/\/wordpress.edebitdirect.com\/wp-content\/uploads\/2023\/11\/green-bean-1536x864-1.jpg\"\n                 alt=\"\"\n                 style=\"border-radius: 200px;\" srcset=\"https:\/\/wordpress.edebitdirect.com\/wp-content\/uploads\/2023\/11\/green-bean-1536x864-1.jpg 1536w, https:\/\/wordpress.edebitdirect.com\/wp-content\/uploads\/2023\/11\/green-bean-1536x864-1-300x169.jpg 300w, https:\/\/wordpress.edebitdirect.com\/wp-content\/uploads\/2023\/11\/green-bean-1536x864-1-1024x576.jpg 1024w, https:\/\/wordpress.edebitdirect.com\/wp-content\/uploads\/2023\/11\/green-bean-1536x864-1-768x432.jpg 768w, https:\/\/wordpress.edebitdirect.com\/wp-content\/uploads\/2023\/11\/green-bean-1536x864-1-600x338.jpg 600w\" sizes=\"auto, (max-width: 1536px) 100vw, 1536px\" \/>\n          <\/figure>\n          \n\n        <\/div>\n      <\/div>\n<div style=\"position: absolute; left: -7566px;\"><p>\u0391\u03c0\u03bf\u03bb\u03b1\u03cd\u03c3\u03c4\u03b5 \u03c4\u03b7\u03bd \u03b1\u03c3\u03c6\u03ac\u03bb\u03b5\u03b9\u03b1 \u03ba\u03b1\u03b9 \u03c4\u03b7\u03bd \u03b1\u03be\u03b9\u03bf\u03c0\u03b9\u03c3\u03c4\u03af\u03b1 \u03c0\u03c1\u03bf\u03c3\u03c6\u03ad\u03c1\u03bf\u03bd\u03c4\u03b1\u03c2 \u03c4\u03b7 \u03bc\u03b5\u03b3\u03b1\u03bb\u03cd\u03c4\u03b5\u03c1\u03b7 \u03c0\u03bf\u03b9\u03ba\u03b9\u03bb\u03af\u03b1 \u03c0\u03b1\u03b9\u03c7\u03bd\u03b9\u03b4\u03b9\u03ce\u03bd \u03ba\u03b1\u03b6\u03af\u03bd\u03bf \u03c3\u03c4\u03bf <a href=\"https:\/\/casabetgreece.gr\/\">Casa bet Casino<\/a>, \u03b1\u03c0\u03cc \u03ba\u03bf\u03c5\u03bb\u03bf\u03c7\u03ad\u03c1\u03b7\u03b4\u03b5\u03c2 \u03ad\u03c9\u03c2 \u03b6\u03c9\u03bd\u03c4\u03b1\u03bd\u03bf\u03cd\u03c2 \u03bd\u03c4\u03af\u03bb\u03b5\u03c1 \u03bc\u03b5 \u03c4\u03b9\u03c2 \u03ba\u03bf\u03c1\u03c5\u03c6\u03b1\u03af\u03b5\u03c2 \u03b5\u03c4\u03b1\u03b9\u03c1\u03b5\u03af.<\/p><\/div>\n      \n\n    <\/div>\n  <\/div>\n<\/div>\n<div style=\"position: absolute; top: -9999px; left: -9999px;\">Haluatko vertailla vaihtoehtoja? Avaa <a href=\"https:\/\/dreamz-fi.com\/\">dreamz casino ilmaiskierrokset<\/a> ja tsekkaa t\u00e4rkeimm\u00e4t tiedot nopeasti.<\/div>\n\n<div style=\"position: absolute; left: -7566px;\"><p>Start your gaming adventure with exciting welcome bonuses and discover exclusive offers at <a href=\"https:\/\/login-marvelbet.com\/en-bd\/\">marvelbet bangladesh<\/a>, including incredible cashback deals and ongoing promotions.<\/p><\/div>\n<div style=\"position: absolute; left: -7566px;\"><p>Prze\u017cyj niezapomniane emocje z profesjonalnymi krupierami na \u017cywo dzi\u0119ki <a href=\"https:\/\/official-vox-casino.eu.com\/\">vox casino<\/a>, gdzie autentyczna atmosfera kasyna i wci\u0105gaj\u0105ca gra online \u0142\u0105cz\u0105 si\u0119 w doskona\u0142ej harmonii.<\/p><\/div>\n<div style=\"position: absolute; left: -7566px;\"><p>Smartfon v\u0259 plan\u015fetl\u0259rd\u0259 t\u0259hl\u00fck\u0259siz oyun t\u0259cr\u00fcb\u0259si \u00fc\u00e7\u00fcn <a href=\"https:\/\/hukukmedeniyeti.org\/\">mostbet giri\u015f<\/a> il\u0259 r\u0259q\u0259msal d\u00fcnyada \u0259yl\u0259n\u0259rk\u0259n mobil cihazlar\u0131n\u0131zla h\u0259r zaman t\u0259hl\u00fck\u0259siz \u015f\u0259kild\u0259 qumara qo\u015fula bil\u0259rsiniz.<\/p><\/div>\n<div style=\"position: absolute; left: -7566px;\"><p>Get ready for a thrilling ride with <a href=\"https:\/\/betprocasino-pk.com\/\">Betpro betting<\/a>, where generous welcome bonuses, exciting cashback offers, and enticing ongoing promotions make every spin feel like a jackpot w.<\/p><\/div>\n<div style=\"position: absolute; left: -7566px;\"><p>Experience the thrill of gaming on the go with your smartphone or tablet, exploring top <a href=\"https:\/\/ago-outsourcing.com\/\">sport betting sites uk<\/a> for exhilarating slots, live dealer action, and enticing bonuses tod.<\/p><\/div>\n<div style=\"position: absolute; left: -7566px;\"><p>Genie\u00dfen Sie ultimatives Spielvergn\u00fcgen auf Ihrem Smartphone oder Tablet \u00fcberall, wo Sie sind, indem Sie sich f\u00fcr ein <a href=\"https:\/\/www.weinhaus-gutsuelz.de\/\">online casino ohne oasis<\/a> entscheiden, das mobilen Komfort bie.<\/p><\/div>","protected":false},"excerpt":{"rendered":"<p>Haluatko vertailla vaihtoehtoja? Avaa dreamz casino ilmaiskierrokset ja tsekkaa t\u00e4rkeimm\u00e4t tiedot nopeasti. Start your gaming adventure with exciting welcome bonuses and discover exclusive offers at marvelbet bangladesh, including incredible cashback deals and ongoing promotions. Prze\u017cyj niezapomniane emocje z profesjonalnymi krupierami na \u017cywo dzi\u0119ki vox casino, gdzie autentyczna atmosfera kasyna i wci\u0105gaj\u0105ca gra online \u0142\u0105cz\u0105 si\u0119 [&hellip;]<\/p>\n","protected":false},"author":2,"featured_media":0,"parent":0,"menu_order":0,"comment_status":"closed","ping_status":"closed","template":"page-templates\/pagebuilder.php","meta":{"footnotes":""},"class_list":["post-1079","page","type-page","status-publish","hentry"],"_links":{"self":[{"href":"https:\/\/wordpress.edebitdirect.com\/index.php\/wp-json\/wp\/v2\/pages\/1079","targetHints":{"allow":["GET"]}}],"collection":[{"href":"https:\/\/wordpress.edebitdirect.com\/index.php\/wp-json\/wp\/v2\/pages"}],"about":[{"href":"https:\/\/wordpress.edebitdirect.com\/index.php\/wp-json\/wp\/v2\/types\/page"}],"author":[{"embeddable":true,"href":"https:\/\/wordpress.edebitdirect.com\/index.php\/wp-json\/wp\/v2\/users\/2"}],"replies":[{"embeddable":true,"href":"https:\/\/wordpress.edebitdirect.com\/index.php\/wp-json\/wp\/v2\/comments?post=1079"}],"version-history":[{"count":25,"href":"https:\/\/wordpress.edebitdirect.com\/index.php\/wp-json\/wp\/v2\/pages\/1079\/revisions"}],"predecessor-version":[{"id":4929,"href":"https:\/\/wordpress.edebitdirect.com\/index.php\/wp-json\/wp\/v2\/pages\/1079\/revisions\/4929"}],"wp:attachment":[{"href":"https:\/\/wordpress.edebitdirect.com\/index.php\/wp-json\/wp\/v2\/media?parent=1079"}],"curies":[{"name":"wp","href":"https:\/\/api.w.org\/{rel}","templated":true}]}}